{"id":20700,"date":"2024-06-20T20:04:05","date_gmt":"2024-06-20T18:04:05","guid":{"rendered":"https:\/\/dev.moodly.com\/producto\/calm-oil\/"},"modified":"2025-12-17T13:44:14","modified_gmt":"2025-12-17T12:44:14","slug":"calm-oil","status":"publish","type":"product","link":"https:\/\/moodly.com\/en\/product\/calm-oil\/","title":{"rendered":"Calm night oil"},"content":{"rendered":"<p>El aceite Moodly Calm, melatonina, ashwagandha y pasiflora, es un aceite relajante perfecto para mejorar tu rutina de sue\u00f1o. Este aceite est\u00e1 dise\u00f1ado para ayudarte a obtener un sue\u00f1o reparador, promoviendo 8 horas completas de descanso profundo. La eficacia de nuestro aceite Moodly Calm proviene de su s\u00f3lida mezcla de ingredientes, la ashwagandha, la melatonina y la pasiflora, que potencian los efectos. Est\u00e1 infusionado con terpenos relajantes y libre de productos qu\u00edmicos, conservantes y aditivos. Est\u00e1 compuesto en su totalidad por ingredientes vegetales. Uso recomendado de 3 a 5 gotas, 30-45 minutos antes de dormir.     <\/p>\n<ul>\n<li>1000mg<\/li>\n<li>Contains melatonin and passionflower.<\/li>\n<li>Enriched with ashwagandha.<\/li>\n<li>Contains relaxing terpenes.<\/li>\n<li>100% vegetable and organic.<\/li>\n<\/ul>\n","protected":false},"excerpt":{"rendered":"<ul>\n<li>5ml (0.16 fl Oz)<\/li>\n<li>1000MG<\/li>\n<li>Ashwagandha, melatonin and passionflower.<\/li>\n<li>100% natural ingredients of high quality and purity.<\/li>\n<li>Recommended use: 3-5 drops, 30\/45 minutes before bedtime.<\/li>\n<\/ul>\n","protected":false},"featured_media":21331,"comment_status":"open","ping_status":"closed","template":"","meta":{"_acf_changed":false,"_seopress_robots_primary_cat":"none","_seopress_titles_title":"Calm CBD Night Oil 20% - Ashwagandha, Melatonin, Passion Flower","_seopress_titles_desc":"Our Calm CBD Night Oil 20% contains broad spectrum cannabidiol (CBD) mixed with pure organic MCT carrier oil, plus adaptogens such as Ashwagandha, Melatonin and Passionflower, which enhance its calming and relaxing effect.","_seopress_robots_index":""},"product_brand":[],"product_cat":[107,113],"product_tag":[],"class_list":{"0":"post-20700","1":"product","2":"type-product","3":"status-publish","4":"has-post-thumbnail","6":"product_cat-calm-en","7":"product_cat-oils","9":"first","10":"instock","11":"taxable","12":"shipping-taxable","13":"purchasable","14":"product-type-simple","15":"add-to-wishlist-before_image"},"acf":[],"_links":{"self":[{"href":"https:\/\/moodly.com\/en\/wp-json\/wp\/v2\/product\/20700","targetHints":{"allow":["GET"]}}],"collection":[{"href":"https:\/\/moodly.com\/en\/wp-json\/wp\/v2\/product"}],"about":[{"href":"https:\/\/moodly.com\/en\/wp-json\/wp\/v2\/types\/product"}],"replies":[{"embeddable":true,"href":"https:\/\/moodly.com\/en\/wp-json\/wp\/v2\/comments?post=20700"}],"wp:featuredmedia":[{"embeddable":true,"href":"https:\/\/moodly.com\/en\/wp-json\/wp\/v2\/media\/21331"}],"wp:attachment":[{"href":"https:\/\/moodly.com\/en\/wp-json\/wp\/v2\/media?parent=20700"}],"wp:term":[{"taxonomy":"product_brand","embeddable":true,"href":"https:\/\/moodly.com\/en\/wp-json\/wp\/v2\/product_brand?post=20700"},{"taxonomy":"product_cat","embeddable":true,"href":"https:\/\/moodly.com\/en\/wp-json\/wp\/v2\/product_cat?post=20700"},{"taxonomy":"product_tag","embeddable":true,"href":"https:\/\/moodly.com\/en\/wp-json\/wp\/v2\/product_tag?post=20700"}],"curies":[{"name":"wp","href":"https:\/\/api.w.org\/{rel}","templated":true}]}}